{"id":817,"date":"2014-01-31T21:38:49","date_gmt":"2014-01-31T19:38:49","guid":{"rendered":"http:\/\/heartliner.org\/?post_type=product&#038;p=817"},"modified":"2016-02-11T22:30:49","modified_gmt":"2016-02-11T21:30:49","slug":"original-pali-gruenblau","status":"publish","type":"product","link":"https:\/\/heartliner.org\/en\/shop\/original-palestinian-scarves\/original-pali-gruenblau\/","title":{"rendered":"Original Pali &#8211; Gr\u00fcn\/Blau"},"content":{"rendered":"<p>Das \u00fcber 1000-j\u00e4hrige alte Muster der Kufiya, mit heute unendlichen Farbkombinationen verbinden \u00e4sthetisches Design mit revolution\u00e4rem Charakter.<\/p>\n","protected":false},"excerpt":{"rendered":"<p>Ein blaue Tuch mit gr\u00fcnem Muster. Das traditionell gewebte Tuch in der einzigen noch existierenden Kufiya-Weberei Pal\u00e4stinas hergestellt.<\/p>\n","protected":false},"featured_media":928,"template":"","meta":[],"product_brand":[],"product_cat":[49],"product_tag":[],"class_list":{"0":"post-817","1":"product","2":"type-product","3":"status-publish","4":"has-post-thumbnail","6":"product_cat-original-palestinian-scarves","8":"first","9":"instock","10":"shipping-taxable","11":"product-type-simple"},"_links":{"self":[{"href":"https:\/\/heartliner.org\/en\/wp-json\/wp\/v2\/product\/817","targetHints":{"allow":["GET"]}}],"collection":[{"href":"https:\/\/heartliner.org\/en\/wp-json\/wp\/v2\/product"}],"about":[{"href":"https:\/\/heartliner.org\/en\/wp-json\/wp\/v2\/types\/product"}],"wp:featuredmedia":[{"embeddable":true,"href":"https:\/\/heartliner.org\/en\/wp-json\/wp\/v2\/media\/928"}],"wp:attachment":[{"href":"https:\/\/heartliner.org\/en\/wp-json\/wp\/v2\/media?parent=817"}],"wp:term":[{"taxonomy":"product_brand","embeddable":true,"href":"https:\/\/heartliner.org\/en\/wp-json\/wp\/v2\/product_brand?post=817"},{"taxonomy":"product_cat","embeddable":true,"href":"https:\/\/heartliner.org\/en\/wp-json\/wp\/v2\/product_cat?post=817"},{"taxonomy":"product_tag","embeddable":true,"href":"https:\/\/heartliner.org\/en\/wp-json\/wp\/v2\/product_tag?post=817"}],"curies":[{"name":"wp","href":"https:\/\/api.w.org\/{rel}","templated":true}]}}