{"id":1647,"date":"2015-03-21T01:15:14","date_gmt":"2015-03-20T23:15:14","guid":{"rendered":"http:\/\/heartliner.org\/?post_type=product&#038;p=1647"},"modified":"2016-02-11T22:22:55","modified_gmt":"2016-02-11T21:22:55","slug":"original-kufiya-whiteblack","status":"publish","type":"product","link":"https:\/\/heartliner.org\/en\/shop\/original-palestinian-scarves\/original-kufiya-whiteblack\/","title":{"rendered":"Original Kufiya \u2013 white\/black"},"content":{"rendered":"<p>Das \u00fcber 1000-j\u00e4hrige alte Muster der Kufiya, mit heute unendlichen Farbkombinationen verbinden \u00e4sthetisches Design mit revolution\u00e4rem Charakter.<\/p>\n","protected":false},"excerpt":{"rendered":"<p>Ein weisses Tuch mit schwarzem Muster. Das traditionell gewebte Tuch in der einzigen noch existierenden Kufiya-Weberei Pal\u00e4stinas hergestellt.<\/p>\n","protected":false},"featured_media":911,"template":"","meta":[],"product_brand":[],"product_cat":[49],"product_tag":[],"class_list":{"0":"post-1647","1":"product","2":"type-product","3":"status-publish","4":"has-post-thumbnail","6":"product_cat-original-palestinian-scarves","8":"first","9":"instock","10":"shipping-taxable","11":"product-type-simple"},"_links":{"self":[{"href":"https:\/\/heartliner.org\/en\/wp-json\/wp\/v2\/product\/1647","targetHints":{"allow":["GET"]}}],"collection":[{"href":"https:\/\/heartliner.org\/en\/wp-json\/wp\/v2\/product"}],"about":[{"href":"https:\/\/heartliner.org\/en\/wp-json\/wp\/v2\/types\/product"}],"wp:featuredmedia":[{"embeddable":true,"href":"https:\/\/heartliner.org\/en\/wp-json\/wp\/v2\/media\/911"}],"wp:attachment":[{"href":"https:\/\/heartliner.org\/en\/wp-json\/wp\/v2\/media?parent=1647"}],"wp:term":[{"taxonomy":"product_brand","embeddable":true,"href":"https:\/\/heartliner.org\/en\/wp-json\/wp\/v2\/product_brand?post=1647"},{"taxonomy":"product_cat","embeddable":true,"href":"https:\/\/heartliner.org\/en\/wp-json\/wp\/v2\/product_cat?post=1647"},{"taxonomy":"product_tag","embeddable":true,"href":"https:\/\/heartliner.org\/en\/wp-json\/wp\/v2\/product_tag?post=1647"}],"curies":[{"name":"wp","href":"https:\/\/api.w.org\/{rel}","templated":true}]}}