{"id":1637,"date":"2015-03-21T00:26:59","date_gmt":"2015-03-20T22:26:59","guid":{"rendered":"http:\/\/heartliner.org\/?post_type=product&#038;p=1637"},"modified":"2015-09-13T23:24:08","modified_gmt":"2015-09-13T21:24:08","slug":"varsity-jacket-olive-tree","status":"publish","type":"product","link":"https:\/\/heartliner.org\/en\/shop\/jackets\/varsity-jacket-olive-tree\/","title":{"rendered":"Versity Jacket &#8211; Rosa Luxemburg &#8211; Girl"},"content":{"rendered":"<p>Heartliner-Produkte kommen vom Herzen und sind mit Liebe verarbeitet. Wir stehen f\u00fcr einen bewussten Umgang mit unserem Planeten Erde. Aus unserem Sammelsorium von verschiedensten handerlesenen Stoffen und Kleidungsst\u00fccken aus der ganzen Welt, werden ausgew\u00e4hlte Materialien wiederverwendet bzw. neu zusammengef\u00fcgt. So entstehen einzigartige Mehrwertsch\u00f6pfungen.<\/p>","protected":false},"excerpt":{"rendered":"<p>Heartliner Collage Jacket<br \/>\nInside-out<br \/>\nRed Embroidery + red Kufiya<br \/>\nIndividual item<\/p>\n","protected":false},"featured_media":1628,"template":"","meta":[],"product_brand":[],"product_cat":[53],"product_tag":[92,91,85,83,84,88],"class_list":{"0":"post-1637","1":"product","2":"type-product","3":"status-publish","4":"has-post-thumbnail","6":"product_cat-jackets","7":"product_tag-black","8":"product_tag-embroidery","9":"product_tag-girls","10":"product_tag-jackets","11":"product_tag-kufiya","12":"product_tag-unique-pieces","14":"first","15":"instock","16":"sold-individually","17":"shipping-taxable","18":"product-type-simple"},"_links":{"self":[{"href":"https:\/\/heartliner.org\/en\/wp-json\/wp\/v2\/product\/1637","targetHints":{"allow":["GET"]}}],"collection":[{"href":"https:\/\/heartliner.org\/en\/wp-json\/wp\/v2\/product"}],"about":[{"href":"https:\/\/heartliner.org\/en\/wp-json\/wp\/v2\/types\/product"}],"wp:featuredmedia":[{"embeddable":true,"href":"https:\/\/heartliner.org\/en\/wp-json\/wp\/v2\/media\/1628"}],"wp:attachment":[{"href":"https:\/\/heartliner.org\/en\/wp-json\/wp\/v2\/media?parent=1637"}],"wp:term":[{"taxonomy":"product_brand","embeddable":true,"href":"https:\/\/heartliner.org\/en\/wp-json\/wp\/v2\/product_brand?post=1637"},{"taxonomy":"product_cat","embeddable":true,"href":"https:\/\/heartliner.org\/en\/wp-json\/wp\/v2\/product_cat?post=1637"},{"taxonomy":"product_tag","embeddable":true,"href":"https:\/\/heartliner.org\/en\/wp-json\/wp\/v2\/product_tag?post=1637"}],"curies":[{"name":"wp","href":"https:\/\/api.w.org\/{rel}","templated":true}]}}