{"id":1100,"date":"2014-06-29T22:53:20","date_gmt":"2014-06-29T20:53:20","guid":{"rendered":"http:\/\/heartliner.org\/?post_type=product&#038;p=1100"},"modified":"2016-02-11T22:26:47","modified_gmt":"2016-02-11T21:26:47","slug":"green-pink","status":"publish","type":"product","link":"https:\/\/heartliner.org\/en\/shop\/original-palestinian-scarves\/green-pink\/","title":{"rendered":"Original Kufiya \u2013 green\/pink"},"content":{"rendered":"<p>Das \u00fcber 1000-j\u00e4hrige alte Muster der Kufiya, mit heute unendlichen Farbkombinationen verbinden \u00e4sthetisches Design mit revolution\u00e4rem Charakter.<\/p>\n","protected":false},"excerpt":{"rendered":"<p>Ein grau-pinkes Tuch mit gr\u00fcn-weissem Muster. Das traditionell gewebte Tuch in der einzigen noch existierenden Kufiya-Weberei Pal\u00e4stinas hergestellt.<\/p>\n","protected":false},"featured_media":1102,"template":"","meta":[],"product_brand":[],"product_cat":[49],"product_tag":[82,81],"class_list":{"0":"post-1100","1":"product","2":"type-product","3":"status-publish","4":"has-post-thumbnail","6":"product_cat-original-palestinian-scarves","7":"product_tag-green","8":"product_tag-pink","10":"first","11":"instock","12":"shipping-taxable","13":"product-type-simple"},"_links":{"self":[{"href":"https:\/\/heartliner.org\/en\/wp-json\/wp\/v2\/product\/1100","targetHints":{"allow":["GET"]}}],"collection":[{"href":"https:\/\/heartliner.org\/en\/wp-json\/wp\/v2\/product"}],"about":[{"href":"https:\/\/heartliner.org\/en\/wp-json\/wp\/v2\/types\/product"}],"wp:featuredmedia":[{"embeddable":true,"href":"https:\/\/heartliner.org\/en\/wp-json\/wp\/v2\/media\/1102"}],"wp:attachment":[{"href":"https:\/\/heartliner.org\/en\/wp-json\/wp\/v2\/media?parent=1100"}],"wp:term":[{"taxonomy":"product_brand","embeddable":true,"href":"https:\/\/heartliner.org\/en\/wp-json\/wp\/v2\/product_brand?post=1100"},{"taxonomy":"product_cat","embeddable":true,"href":"https:\/\/heartliner.org\/en\/wp-json\/wp\/v2\/product_cat?post=1100"},{"taxonomy":"product_tag","embeddable":true,"href":"https:\/\/heartliner.org\/en\/wp-json\/wp\/v2\/product_tag?post=1100"}],"curies":[{"name":"wp","href":"https:\/\/api.w.org\/{rel}","templated":true}]}}