{"id":1065,"date":"2014-06-29T22:07:54","date_gmt":"2014-06-29T20:07:54","guid":{"rendered":"http:\/\/heartliner.org\/?post_type=product&#038;p=1065"},"modified":"2016-05-25T21:11:16","modified_gmt":"2016-05-25T19:11:16","slug":"yellow-red","status":"publish","type":"product","link":"https:\/\/heartliner.org\/en\/shop\/original-palestinian-scarves\/yellow-red\/","title":{"rendered":"Original Kufiya &#8211; yellow\/red"},"content":{"rendered":"<p>Das \u00fcber 1000-j\u00e4hrige alte Muster der Kufiya, mit heute unendlichen Farbkombinationen verbinden \u00e4sthetisches Design mit revolution\u00e4rem Charakter.<\/p>","protected":false},"excerpt":{"rendered":"<p>Ein gelbes Tuch mit rotem Muster. Das traditionell gewebte Tuch in der einzigen noch existierenden Kufiya-Weberei Pal\u00e4stinas hergestellt.<\/p>\n","protected":false},"featured_media":1073,"template":"","meta":[],"product_brand":[],"product_cat":[49],"product_tag":[],"class_list":{"0":"post-1065","1":"product","2":"type-product","3":"status-publish","4":"has-post-thumbnail","6":"product_cat-original-palestinian-scarves","8":"first","9":"instock","10":"shipping-taxable","11":"product-type-simple"},"_links":{"self":[{"href":"https:\/\/heartliner.org\/en\/wp-json\/wp\/v2\/product\/1065","targetHints":{"allow":["GET"]}}],"collection":[{"href":"https:\/\/heartliner.org\/en\/wp-json\/wp\/v2\/product"}],"about":[{"href":"https:\/\/heartliner.org\/en\/wp-json\/wp\/v2\/types\/product"}],"wp:featuredmedia":[{"embeddable":true,"href":"https:\/\/heartliner.org\/en\/wp-json\/wp\/v2\/media\/1073"}],"wp:attachment":[{"href":"https:\/\/heartliner.org\/en\/wp-json\/wp\/v2\/media?parent=1065"}],"wp:term":[{"taxonomy":"product_brand","embeddable":true,"href":"https:\/\/heartliner.org\/en\/wp-json\/wp\/v2\/product_brand?post=1065"},{"taxonomy":"product_cat","embeddable":true,"href":"https:\/\/heartliner.org\/en\/wp-json\/wp\/v2\/product_cat?post=1065"},{"taxonomy":"product_tag","embeddable":true,"href":"https:\/\/heartliner.org\/en\/wp-json\/wp\/v2\/product_tag?post=1065"}],"curies":[{"name":"wp","href":"https:\/\/api.w.org\/{rel}","templated":true}]}}