{"id":1465,"date":"2015-03-18T12:20:05","date_gmt":"2015-03-18T10:20:05","guid":{"rendered":"http:\/\/heartliner.org\/impressum\/"},"modified":"2024-06-06T21:58:07","modified_gmt":"2024-06-06T19:58:07","slug":"impressum","status":"publish","type":"page","link":"https:\/\/heartliner.org\/en\/impressum\/","title":{"rendered":"Impressum"},"content":{"rendered":"<div class=\"wpb-content-wrapper\"><p>[vc_row][vc_column][vc_empty_space height=&#8221;22px&#8221;][vc_column_text css_animation=&#8221;left-to-right&#8221;]<\/p>\n<h5>GESETZLICHE ANBIETERKENNUNG<\/h5>\n<p><strong> Heartliner Gbr<br \/>\nLausitzer Str. 35<br \/>\n10999 Berlin<br \/>\nDeutschland<br \/>\nE-Mail: contact@heartliner.org<br \/>\n<\/strong>[\/vc_column_text][vc_column_text css_animation=&#8221;left-to-right&#8221;]<\/p>\n<h5>RECHTLICHE HINWEISE ZUR WEBSEITE<\/h5>\n<p>Alle Texte, Bilder und weiter hier ver\u00f6ffentlichten Informationen unterliegen dem Urheberrecht des Anbieters, soweit nicht Urheberrechte Dritter bestehen. In jedem Fall ist eine Vervielf\u00e4ltigung, Verbreitung oder \u00f6ffentliche Wiedergabe ausschlie\u00dflich im Falle einer widerruflichen und nicht \u00fcbertragbaren Zustimmung des Anbieters gestattet.<\/p>\n<p>F\u00fcr alle mittels Querverweis (Link) verbundenen Webinhalte \u00fcbernimmt der Anbieter keine Verantwortung, da es sich hierbei nicht um eigene Inhalte handelt. Die verlinkten Seiten wurden auf rechtswidrige Inhalte \u00fcberpr\u00fcft, zum Zeitpunkt der Verlinkung waren solche nicht erkennbar. Verantwortlich f\u00fcr den Inhalt der verlinkten Seiten ist deren Betreiber. Der Anbieter hat hierzu keine allgemeine \u00dcberwachungs- und Pr\u00fcfungspflicht. Bei Bekanntwerden einer Rechtsverletzung wird der entsprechende Link jedoch umgehend entfernt.[\/vc_column_text][\/vc_column][\/vc_row]<\/p>\n<h3>Beschwerdeverfahren<\/h3>\n<div class=\"woocommerce woocommerce-gzd woocommerce-gzd-complaints-shortcode\">\n\t\t\t<h3>Alternative Dispute Resolution in accordance with Art. 14 (1) ODR-VO and \u00a7 36 VSBG:<\/h3>\n\t\nZur Teilnahme an einem Streitbeilegungsverfahren vor einer Verbraucherschlichtungsstelle sind wir nicht verpflichtet und nicht bereit.<\/div><\/p>\n<\/div>","protected":false},"excerpt":{"rendered":"<p>[vc_row][vc_column][vc_empty_space height=&#8221;22px&#8221;][vc_column_text css_animation=&#8221;left-to-right&#8221;] GESETZLICHE ANBIETERKENNUNG Heartliner Gbr Lausitzer Str. 35 10999 Berlin Deutschland E-Mail: contact@heartliner.org [\/vc_column_text][vc_column_text css_animation=&#8221;left-to-right&#8221;] RECHTLICHE HINWEISE ZUR&#8230;<\/p>\n","protected":false},"author":1001005,"featured_media":0,"parent":0,"menu_order":0,"comment_status":"closed","ping_status":"open","template":"page-narrow.php","meta":{"footnotes":""},"class_list":["post-1465","page","type-page","status-publish","hentry"],"_links":{"self":[{"href":"https:\/\/heartliner.org\/en\/wp-json\/wp\/v2\/pages\/1465","targetHints":{"allow":["GET"]}}],"collection":[{"href":"https:\/\/heartliner.org\/en\/wp-json\/wp\/v2\/pages"}],"about":[{"href":"https:\/\/heartliner.org\/en\/wp-json\/wp\/v2\/types\/page"}],"author":[{"embeddable":true,"href":"https:\/\/heartliner.org\/en\/wp-json\/wp\/v2\/users\/1001005"}],"replies":[{"embeddable":true,"href":"https:\/\/heartliner.org\/en\/wp-json\/wp\/v2\/comments?post=1465"}],"version-history":[{"count":15,"href":"https:\/\/heartliner.org\/en\/wp-json\/wp\/v2\/pages\/1465\/revisions"}],"predecessor-version":[{"id":2550,"href":"https:\/\/heartliner.org\/en\/wp-json\/wp\/v2\/pages\/1465\/revisions\/2550"}],"wp:attachment":[{"href":"https:\/\/heartliner.org\/en\/wp-json\/wp\/v2\/media?parent=1465"}],"curies":[{"name":"wp","href":"https:\/\/api.w.org\/{rel}","templated":true}]}}