{"id":1348,"date":"2014-03-06T10:22:19","date_gmt":"2014-03-06T10:22:19","guid":{"rendered":"http:\/\/mr-tailor.getbowtied.com\/blank\/?page_id=116"},"modified":"2016-05-25T21:09:56","modified_gmt":"2016-05-25T19:09:56","slug":"ueber-uns","status":"publish","type":"page","link":"https:\/\/heartliner.org\/en\/ueber-uns\/","title":{"rendered":"\u00dcber uns"},"content":{"rendered":"<div class=\"wpb-content-wrapper\"><p>[vc_row css=&#8221;.vc_custom_1400673000560{padding-top: 75px !important;background-color: #f2efea !important;}&#8221; type=&#8221;full_width&#8221; font_color=&#8221;#3f3f3f&#8221; background_style=&#8221;normal&#8221;][vc_column width=&#8221;1\/1&#8243;][vc_single_image image=&#8221;1402&#8243; alignment=&#8221;center&#8221; border_color=&#8221;grey&#8221; img_link_large=&#8221;&#8221; img_link_target=&#8221;_self&#8221; css_animation=&#8221;bottom-to-top&#8221; img_size=&#8221;1200&#215;400&#8243; style=&#8221;vc_box_border&#8221;][vc_tabs][vc_tab title=&#8221;\u00dcber uns&#8221; tab_id=&#8221;1400331093-1-37&#8243;][vc_row_inner type=&#8221;boxed&#8221;][vc_column_inner width=&#8221;1\/2&#8243; css=&#8221;.vc_custom_1400680740546{padding-right: 5% !important;padding-left: 5% !important;}&#8221;][vc_column_text css_animation=&#8221;left-to-right&#8221;]<\/p>\n<h3 class=\"p1\"><span class=\"s1\">A STRONG SYMBOL AGAINST OPPRESSION\u00a0<\/span><\/h3>\n<p class=\"p1\"><strong><span class=\"s1\"><br \/>\nSeit Anfang des 20. Jhtd. ist die Kufiya (Palituch) das Symbol f\u00fcr ein freies, unabh\u00e4ngiges Pal\u00e4stina. Dieses handgewebte Tuch steht f\u00fcr Frieden und Autonomie in einem besetzten, ausgebeuteten und von Mauern und Grenzen durchzogenen Land und symbolisiert ein friedliches Miteinander aller Religionen \u2013 \u00fcberall.<\/span><\/strong><\/p>\n<p class=\"p1\"><strong><span class=\"s1\">Heartliner m\u00f6chte auf die schwierigen Lebensbedingungen der unterdr\u00fcckten Menschen in Pal\u00e4stina hinweisen und unterst\u00fctzt den friedlichen Widerstandsgeist.<\/span><\/strong><\/p>\n<p class=\"p1\"><strong><span class=\"s1\">Wir bieten die original pal\u00e4stinensische Kufiya an, die es in endlosen Farbvariationen gibt und verarbeiten den einzigartigen Musterstoff in Jacken, Taschen und anderen Kleidungsst\u00fccken. <\/span><\/strong><\/p>\n<p>[\/vc_column_text][\/vc_column_inner][vc_column_inner width=&#8221;1\/2&#8243; css=&#8221;.vc_custom_1400680733266{padding-right: 5% !important;padding-left: 5% !important;}&#8221;][vc_column_text css_animation=&#8221;left-to-right&#8221;]<\/p>\n<h3 class=\"p1\"><span class=\"s1\">TAKE ACTION<\/span><\/h3>\n<p class=\"p1\"><strong><span class=\"s1\"><br \/>\nIhr unterst\u00fctzt mit dem Kauf unserer Kufiya direkt die einzig noch existierende Kufiya-Weberei Pal\u00e4stinas. <\/span><\/strong><\/p>\n<h5 class=\"p1\"><\/h5>\n<h5 class=\"p1\">5% der Erl\u00f6se gehen an die <b>Camps Breakerz Crew aus Gaza<\/b><\/h5>\n<p class=\"p1\"><strong>Jugendliche Breakdancer, die sich in Tanzprojekten selbst organisieren und es sich zur Aufgabe gemacht haben, Jugendliche von der Strasse zu integrieren.<\/strong><\/p>\n<p class=\"p1\"><strong><a title=\"Camps Breakerz Crew\" href=\"https:\/\/www.facebook.com\/CampsBreakerzCrewOfficailpage\" target=\"_blank\"><span class=\"s1\">www.facebook.com\/CampsBreakerzCrewOfficailpage<\/span><\/a><\/strong><\/p>\n<h5 class=\"p1\"><\/h5>\n<h5 class=\"p1\"><span class=\"s1\">5% der Erl\u00f6se gehen an den <b>Refugee Club IMPULSE<\/b><\/span><\/h5>\n<p class=\"p1\"><strong>Der Refugee Club Impulse ist eine selbstorganisierte Gruppe in Berlin, die f\u00fcr die Rechte von Fl\u00fcchtlingen k\u00e4mpft und eine Plattform bietet, sich kulturell auszudr\u00fccken. Eine wichtige Basis sind hierbei Theater- und Tanzprojekte.<\/strong><\/p>\n<p class=\"p1\"><strong><a title=\"Refugee Club Impulse\" href=\"http:\/\/www.impulse-projekt.de\/\" target=\"_blank\"><span class=\"s1\">www.impulse-projekt.de<\/span><\/a><\/strong><\/p>\n<p>[\/vc_column_text][\/vc_column_inner][\/vc_row_inner][\/vc_tab][\/vc_tabs][\/vc_column][\/vc_row]<\/p>\n<\/div>","protected":false},"excerpt":{"rendered":"<p>You might not have thought about cultural inflation before, but you feel its effects every day as a social fund pitchfork Odd Future tofu Tonx banh mi pop-up umami messenger bag twee.<\/p>\n","protected":false},"author":1001005,"featured_media":0,"parent":0,"menu_order":0,"comment_status":"closed","ping_status":"closed","template":"page-full-width.php","meta":{"footnotes":""},"class_list":["post-1348","page","type-page","status-publish","hentry"],"_links":{"self":[{"href":"https:\/\/heartliner.org\/en\/wp-json\/wp\/v2\/pages\/1348","targetHints":{"allow":["GET"]}}],"collection":[{"href":"https:\/\/heartliner.org\/en\/wp-json\/wp\/v2\/pages"}],"about":[{"href":"https:\/\/heartliner.org\/en\/wp-json\/wp\/v2\/types\/page"}],"author":[{"embeddable":true,"href":"https:\/\/heartliner.org\/en\/wp-json\/wp\/v2\/users\/1001005"}],"replies":[{"embeddable":true,"href":"https:\/\/heartliner.org\/en\/wp-json\/wp\/v2\/comments?post=1348"}],"version-history":[{"count":23,"href":"https:\/\/heartliner.org\/en\/wp-json\/wp\/v2\/pages\/1348\/revisions"}],"predecessor-version":[{"id":2373,"href":"https:\/\/heartliner.org\/en\/wp-json\/wp\/v2\/pages\/1348\/revisions\/2373"}],"wp:attachment":[{"href":"https:\/\/heartliner.org\/en\/wp-json\/wp\/v2\/media?parent=1348"}],"curies":[{"name":"wp","href":"https:\/\/api.w.org\/{rel}","templated":true}]}}